{"id":2,"date":"2022-09-02T09:33:16","date_gmt":"2022-09-02T07:33:16","guid":{"rendered":"https:\/\/www.foneparts.be\/blog\/?page_id=2"},"modified":"2022-09-05T03:51:14","modified_gmt":"2022-09-05T01:51:14","slug":"page-d-exemple","status":"publish","type":"page","link":"https:\/\/www.foneparts.be\/blog\/","title":{"rendered":"Les sp\u00e9cialistes des pi\u00e8ces d\u00e9tach\u00e9es"},"content":{"rendered":"\n<p>Les sp\u00e9cialistes des pi\u00e8ces d\u00e9tach\u00e9es sont des techniciens sp\u00e9cialis\u00e9s qui r\u00e9parent les appareils \u00e9lectroniques tels que <strong>les t\u00e9l\u00e9phones portables, les tablettes et les ordinateurs<\/strong>. La plupart des sp\u00e9cialistes des pi\u00e8ces d\u00e9tach\u00e9es travaillent dans des magasins de vente au d\u00e9tail d&rsquo;\u00e9lectronique, o\u00f9 ils r\u00e9parent les appareils cass\u00e9s ou endommag\u00e9s et remplacent les pi\u00e8ces cass\u00e9es par des neuves. Certains sp\u00e9cialistes des pi\u00e8ces travaillent dans des ateliers de r\u00e9paration d&rsquo;ordinateurs, o\u00f9 ils peuvent se sp\u00e9cialiser dans la r\u00e9paration d&rsquo;ordinateurs de bureau ou portables. Ceux qui travaillent dans les magasins de d\u00e9tail d&rsquo;\u00e9lectronique ont g\u00e9n\u00e9ralement une formation technique d&rsquo;un lyc\u00e9e ou d&rsquo;un programme professionnel. Travailler en tant que sp\u00e9cialiste des pi\u00e8ces d\u00e9tach\u00e9es peut \u00eatre un bon choix de carri\u00e8re pour quelqu&rsquo;un qui aime travailler avec la technologie.<\/p>\n\n\n\n<figure class=\"wp-block-embed is-type-video is-provider-youtube wp-block-embed-youtube wp-embed-aspect-16-9 wp-has-aspect-ratio\"><div class=\"wp-block-embed__wrapper\">\n<iframe loading=\"lazy\" title=\"CALL COMPANY grossiste dans le domaine de pi\u00e8ces d\u00e9tach\u00e9es\" width=\"960\" height=\"540\" src=\"https:\/\/www.youtube.com\/embed\/u1FfzGDSXgI?feature=oembed\" frameborder=\"0\" allow=\"accelerometer; autoplay; clipboard-write; encrypted-media; gyroscope; picture-in-picture\" allowfullscreen><\/iframe>\n<\/div><\/figure>\n\n\n\n<p>Un avantage majeur de travailler en tant que <strong>sp\u00e9cialiste des pi\u00e8ces d\u00e9tach\u00e9es<\/strong> est que vous pouvez devenir hautement qualifi\u00e9 dans la r\u00e9paration d&rsquo;appareils \u00e9lectroniques. De nombreux appareils \u00e9lectroniques ont des pi\u00e8ces complexes et seules quelques personnes savent comment les r\u00e9parer. De plus, le remplacement des pi\u00e8ces cass\u00e9es am\u00e9liore efficacement les performances et la convivialit\u00e9 de l&rsquo;appareil. De plus, travailler comme sp\u00e9cialiste des pi\u00e8ces d\u00e9tach\u00e9es vous procure un bon revenu pendant les week-ends et les soir\u00e9es lorsque les d\u00e9taillants d&rsquo;\u00e9lectronique sont ferm\u00e9s. Ceci est particuli\u00e8rement utile pour les personnes dont le temps est limit\u00e9 pendant la semaine.<\/p>\n\n\n\n<p><\/p>\n","protected":false},"excerpt":{"rendered":"<p>Les sp\u00e9cialistes des pi\u00e8ces d\u00e9tach\u00e9es sont des techniciens sp\u00e9cialis\u00e9s qui r\u00e9parent les appareils \u00e9lectroniques tels que les t\u00e9l\u00e9phones&#8230;<\/p>\n","protected":false},"author":1,"featured_media":0,"parent":0,"menu_order":0,"comment_status":"closed","ping_status":"open","template":"","meta":{"footnotes":""},"class_list":["post-2","page","type-page","status-publish","hentry","content-wrap"],"_links":{"self":[{"href":"https:\/\/www.foneparts.be\/blog\/wp-json\/wp\/v2\/pages\/2","targetHints":{"allow":["GET"]}}],"collection":[{"href":"https:\/\/www.foneparts.be\/blog\/wp-json\/wp\/v2\/pages"}],"about":[{"href":"https:\/\/www.foneparts.be\/blog\/wp-json\/wp\/v2\/types\/page"}],"author":[{"embeddable":true,"href":"https:\/\/www.foneparts.be\/blog\/wp-json\/wp\/v2\/users\/1"}],"replies":[{"embeddable":true,"href":"https:\/\/www.foneparts.be\/blog\/wp-json\/wp\/v2\/comments?post=2"}],"version-history":[{"count":4,"href":"https:\/\/www.foneparts.be\/blog\/wp-json\/wp\/v2\/pages\/2\/revisions"}],"predecessor-version":[{"id":28,"href":"https:\/\/www.foneparts.be\/blog\/wp-json\/wp\/v2\/pages\/2\/revisions\/28"}],"wp:attachment":[{"href":"https:\/\/www.foneparts.be\/blog\/wp-json\/wp\/v2\/media?parent=2"}],"curies":[{"name":"wp","href":"https:\/\/api.w.org\/{rel}","templated":true}]}}